{"id":3,"date":"2020-02-24T09:46:36","date_gmt":"2020-02-24T08:46:36","guid":{"rendered":"http:\/\/www.caravelleshoes.it\/?page_id=3"},"modified":"2020-05-27T17:25:59","modified_gmt":"2020-05-27T15:25:59","slug":"privacy-policy","status":"publish","type":"page","link":"https:\/\/www.caravelleshoes.it\/?page_id=3","title":{"rendered":"Privacy Policy"},"content":{"rendered":"\t\t<div data-elementor-type=\"wp-page\" data-elementor-id=\"3\" class=\"elementor elementor-3\" data-elementor-post-type=\"page\">\n\t\t\t\t\t\t<section class=\"elementor-section elementor-top-section elementor-element elementor-element-7a9f7dc elementor-section-boxed elementor-section-height-default elementor-section-height-default\" data-id=\"7a9f7dc\" data-element_type=\"section\" data-settings=\"{&quot;jet_parallax_layout_list&quot;:[{&quot;jet_parallax_layout_image&quot;:{&quot;url&quot;:&quot;&quot;,&quot;id&quot;:&quot;&quot;,&quot;size&quot;:&quot;&quot;},&quot;_id&quot;:&quot;bd68ae0&quot;,&quot;jet_parallax_layout_image_tablet&quot;:{&quot;url&quot;:&quot;&quot;,&quot;id&quot;:&quot;&quot;,&quot;size&quot;:&quot;&quot;},&quot;jet_parallax_layout_image_mobile&quot;:{&quot;url&quot;:&quot;&quot;,&quot;id&quot;:&quot;&quot;,&quot;size&quot;:&quot;&quot;},&quot;jet_parallax_layout_speed&quot;:{&quot;unit&quot;:&quot;%&quot;,&quot;size&quot;:50,&quot;sizes&quot;:[]},&quot;jet_parallax_layout_type&quot;:&quot;scroll&quot;,&quot;jet_parallax_layout_direction&quot;:&quot;1&quot;,&quot;jet_parallax_layout_fx_direction&quot;:null,&quot;jet_parallax_layout_z_index&quot;:&quot;&quot;,&quot;jet_parallax_layout_bg_x&quot;:50,&quot;jet_parallax_layout_bg_y&quot;:50,&quot;jet_parallax_layout_bg_size&quot;:&quot;auto&quot;,&quot;jet_parallax_layout_animation_prop&quot;:&quot;transform&quot;,&quot;jet_parallax_layout_on&quot;:[&quot;desktop&quot;,&quot;tablet&quot;],&quot;jet_parallax_layout_bg_x_tablet&quot;:&quot;&quot;,&quot;jet_parallax_layout_bg_x_mobile&quot;:&quot;&quot;,&quot;jet_parallax_layout_bg_y_tablet&quot;:&quot;&quot;,&quot;jet_parallax_layout_bg_y_mobile&quot;:&quot;&quot;,&quot;jet_parallax_layout_bg_size_tablet&quot;:&quot;&quot;,&quot;jet_parallax_layout_bg_size_mobile&quot;:&quot;&quot;}]}\">\n\t\t\t\t\t\t<div class=\"elementor-container elementor-column-gap-default\">\n\t\t\t\t\t<div class=\"elementor-column elementor-col-100 elementor-top-column elementor-element elementor-element-bfbf02f\" data-id=\"bfbf02f\" data-element_type=\"column\">\n\t\t\t<div class=\"elementor-widget-wrap elementor-element-populated\">\n\t\t\t\t\t\t<div class=\"elementor-element elementor-element-61faa86 elementor-widget elementor-widget-spacer\" data-id=\"61faa86\" data-element_type=\"widget\" data-widget_type=\"spacer.default\">\n\t\t\t\t<div class=\"elementor-widget-container\">\n\t\t\t\t\t\t\t<div class=\"elementor-spacer\">\n\t\t\t<div class=\"elementor-spacer-inner\"><\/div>\n\t\t<\/div>\n\t\t\t\t\t\t<\/div>\n\t\t\t\t<\/div>\n\t\t\t\t<div class=\"elementor-element elementor-element-7090b8d elementor-widget elementor-widget-text-editor\" data-id=\"7090b8d\" data-element_type=\"widget\" data-widget_type=\"text-editor.default\">\n\t\t\t\t<div class=\"elementor-widget-container\">\n\t\t\t\t\t\t\t\t\t<p>PRIVACY<span style=\"color: #c5a47e;\"> POLICY<\/span><\/p>\t\t\t\t\t\t\t\t<\/div>\n\t\t\t\t<\/div>\n\t\t\t\t<div class=\"elementor-element elementor-element-e2429e9 elementor-widget elementor-widget-spacer\" data-id=\"e2429e9\" data-element_type=\"widget\" data-widget_type=\"spacer.default\">\n\t\t\t\t<div class=\"elementor-widget-container\">\n\t\t\t\t\t\t\t<div class=\"elementor-spacer\">\n\t\t\t<div class=\"elementor-spacer-inner\"><\/div>\n\t\t<\/div>\n\t\t\t\t\t\t<\/div>\n\t\t\t\t<\/div>\n\t\t\t\t<div class=\"elementor-element elementor-element-4042c6b elementor-widget elementor-widget-text-editor\" data-id=\"4042c6b\" data-element_type=\"widget\" data-widget_type=\"text-editor.default\">\n\t\t\t\t<div class=\"elementor-widget-container\">\n\t\t\t\t\t\t\t\t\t<p>INFORMATIVA TRATTAMENTO<\/p>\t\t\t\t\t\t\t\t<\/div>\n\t\t\t\t<\/div>\n\t\t\t\t<div class=\"elementor-element elementor-element-1b5c3a6 elementor-widget elementor-widget-text-editor\" data-id=\"1b5c3a6\" data-element_type=\"widget\" data-widget_type=\"text-editor.default\">\n\t\t\t\t<div class=\"elementor-widget-container\">\n\t\t\t\t\t\t\t\t\t<p>CARAVELLE S.R.L., in qualit\u00e0 di titolare del trattamento dei dati personali ai sensi degli artt.13 e 14 del Regolamento UE 679\/2016 &#8211; Regolamento Generale sulla Protezione dei Dati (\u201cRGPD\u201d), in ottemperanza agli obblighi dettati dal legislatore a tutela della privacy, con la presente desidera informarLa in via preventiva, tanto dell&#8217;uso dei suoi dati personali, quanto dei suoi diritti, comunicando quanto segue:<\/p>\n<p><\/p>\n<p style=\"padding-left: 40px;\">a) <b>TITOLARE ED ALTRI SOGGETTI RESPONSABILI<\/b><\/p>\n<p style=\"padding-left: 80px;\">Titolare del trattamento \u00e8 CARAVELLE S.R.L., P. Iva 00166700278, email pec@pec.caravelleshoes.it, con sede in VIA NOVENTANA, 191 &#8211; 35027 &#8211; Noventa Padovana (PD) &#8211; Italia.<\/p>\n<p style=\"padding-left: 40px;\">b) <b>I DATI PERSONALI OGGETTO DI TRATTAMENTO<\/b><\/p>\n<p style=\"padding-left: 80px;\">Dati personali non particolari (identificativi, contabili, finanziari, etc.) da Voi comunicati o da noi raccolti, in occasione di richieste di informazioni, stipula di contratti, acquisto di prodotti. I dati saranno conservati per il tempo strettamente necessario a completare le attivit\u00e0 contrattualmente previste, che in ogni caso non sar\u00e0 superiore a dieci anni dalla loro raccolta per finalit\u00e0 amministrative e contabili.<\/p>\n<p style=\"padding-left: 40px;\">c) <b>FINALIT\u00c0, BASE GIURIDICA E NATURA OBBLIGATORIA O FACOLTATIVA DEL TRATTAMENTO<\/b><\/p>\n<p style=\"padding-left: 80px;\">Finalit\u00e0: Esecuzione del rapporto contrattuale, adempimento obblighi fiscali e legali.<br>Base Giuridica: il trattamento \u00e8 necessario all&#8217;esecuzione di un contratto di cui l&#8217;interessato \u00e8 parte o all&#8217;esecuzione di misure precontrattuali adottate su richiesta dello stesso.<br>L&#8217;interessato ha l&#8217;obbligo di fornire i dati personali. Eventuali conseguenze della mancata fornitura dei dati personali: Impedire il perfezionarsi del contratto o la fornitura del servizio richiesto dall&#8217;interessato.<\/p>\n<p style=\"padding-left: 40px;\">d) <b>DESTINATARI<\/b><\/p>\n<p style=\"padding-left: 80px;\">Esclusivamente per le finalit\u00e0 sopra indicate, i dati saranno resi conoscibili, oltre che alle unit\u00e0 di personale interno al riguardo competenti, anche a collaboratori esterni incaricati del loro trattamento il cui elenco \u00e8 disponibile presso la sede del titolare.<\/p>\n<p style=\"padding-left: 40px;\">e) <b>TRASFERIMENTI<\/b><\/p>\n<p style=\"padding-left: 80px;\">Non sono presenti trasferimenti di Dati Personali a Destinatari fuori dall&#8217;Unione Europea.<\/p>\n<p style=\"padding-left: 40px;\">f) <b>CONSERVAZIONE DEI DATI<\/b><\/p>\n<p style=\"padding-left: 80px;\">Tutti i dati personali conferiti saranno trattati nel rispetto dei principi di liceit\u00e0, correttezza, pertinenza e proporzionalit\u00e0, solo con le modalit\u00e0, anche informatiche e telematiche, strettamente necessarie per perseguire le finalit\u00e0 sopra descritte. In ogni caso, i dati personali saranno conservati per un periodo di tempo non superiore a quello strettamente necessario al conseguimento delle finalit\u00e0 indicate. I dati personali dei quali non \u00e8 necessaria la conservazione o per cui la conservazione non sia prevista dalla vigente normativa, in relazione agli scopi indicati, saranno cancellati o trasformati in forma anonima. Si evidenzia che i sistemi informativi impiegati per la gestione delle informazioni raccolte sono configurati, gi\u00e0 in origine, in modo da minimizzare l&#8217;utilizzo dei dati.<\/p>\n<p style=\"padding-left: 40px;\">g) <b>I SUOI DIRITTI<\/b><\/p>\n<p style=\"padding-left: 80px;\">Si rammenta che l&#8217;interessato ha diritto di accedere in ogni momento ai dati che Lo riguardano, rivolgendo la Sua richiesta al nostro responsabile del trattamento designato per il riscontro, utilizzando i recapiti di seguito indicati: pec@pec.caravelleshoes.it.<br>Allo stesso modo pu\u00f2 esercitare, riguardo al trattamento in oggetto, i seguenti diritti: Informazione, Accesso ai dati, Rettifica dei dati, Cancellazione dei dati, Limitazione del trattamento, Portabilit\u00e0 dei dati, Proporre reclamo ad autorit\u00e0 di controllo, Revoca del consenso (L&#8217;eventuale revoca del consenso non pregiudica la liceit\u00e0 del trattamento basato sul consenso prestato prima della revoca).<\/p>\t\t\t\t\t\t\t\t<\/div>\n\t\t\t\t<\/div>\n\t\t\t\t\t<\/div>\n\t\t<\/div>\n\t\t\t\t\t<\/div>\n\t\t<\/section>\n\t\t\t\t<\/div>\n\t\t","protected":false},"excerpt":{"rendered":"<p>PRIVACY POLICY INFORMATIVA TRATTAMENTO CARAVELLE S.R.L., in qualit\u00e0 di titolare del trattamento dei dati personali ai sensi degli artt.13 e 14 del Regolamento UE 679\/2016 &#8211; Regolamento Generale sulla Protezione dei Dati (\u201cRGPD\u201d), in ottemperanza agli obblighi dettati dal legislatore a tutela della privacy, con la presente desidera informarLa in via preventiva, tanto dell&#8217;uso dei [&hellip;]<\/p>\n","protected":false},"author":1,"featured_media":0,"parent":0,"menu_order":0,"comment_status":"closed","ping_status":"open","template":"elementor_canvas","meta":{"footnotes":""},"class_list":["post-3","page","type-page","status-publish","hentry"],"yoast_head":"<!-- This site is optimized with the Yoast SEO plugin v25.9 - https:\/\/yoast.com\/wordpress\/plugins\/seo\/ -->\n<title>Privacy Policy - Caravelle Shoes<\/title>\n<meta name=\"robots\" content=\"index, follow, max-snippet:-1, max-image-preview:large, max-video-preview:-1\" \/>\n<link rel=\"canonical\" href=\"https:\/\/www.caravelleshoes.it\/?page_id=3\" \/>\n<meta property=\"og:locale\" content=\"it_IT\" \/>\n<meta property=\"og:type\" content=\"article\" \/>\n<meta property=\"og:title\" content=\"Privacy Policy - Caravelle Shoes\" \/>\n<meta property=\"og:description\" content=\"PRIVACY POLICY INFORMATIVA TRATTAMENTO CARAVELLE S.R.L., in qualit\u00e0 di titolare del trattamento dei dati personali ai sensi degli artt.13 e 14 del Regolamento UE 679\/2016 &#8211; Regolamento Generale sulla Protezione dei Dati (\u201cRGPD\u201d), in ottemperanza agli obblighi dettati dal legislatore a tutela della privacy, con la presente desidera informarLa in via preventiva, tanto dell&#8217;uso dei [&hellip;]\" \/>\n<meta property=\"og:url\" content=\"https:\/\/www.caravelleshoes.it\/?page_id=3\" \/>\n<meta property=\"og:site_name\" content=\"Caravelle Shoes\" \/>\n<meta property=\"article:modified_time\" content=\"2020-05-27T15:25:59+00:00\" \/>\n<meta name=\"twitter:card\" content=\"summary_large_image\" \/>\n<meta name=\"twitter:label1\" content=\"Tempo di lettura stimato\" \/>\n\t<meta name=\"twitter:data1\" content=\"3 minuti\" \/>\n<script type=\"application\/ld+json\" class=\"yoast-schema-graph\">{\"@context\":\"https:\/\/schema.org\",\"@graph\":[{\"@type\":\"WebPage\",\"@id\":\"https:\/\/www.caravelleshoes.it\/?page_id=3\",\"url\":\"https:\/\/www.caravelleshoes.it\/?page_id=3\",\"name\":\"Privacy Policy - Caravelle Shoes\",\"isPartOf\":{\"@id\":\"https:\/\/www.caravelleshoes.it\/#website\"},\"datePublished\":\"2020-02-24T08:46:36+00:00\",\"dateModified\":\"2020-05-27T15:25:59+00:00\",\"breadcrumb\":{\"@id\":\"https:\/\/www.caravelleshoes.it\/?page_id=3#breadcrumb\"},\"inLanguage\":\"it-IT\",\"potentialAction\":[{\"@type\":\"ReadAction\",\"target\":[\"https:\/\/www.caravelleshoes.it\/?page_id=3\"]}]},{\"@type\":\"BreadcrumbList\",\"@id\":\"https:\/\/www.caravelleshoes.it\/?page_id=3#breadcrumb\",\"itemListElement\":[{\"@type\":\"ListItem\",\"position\":1,\"name\":\"Home\",\"item\":\"https:\/\/www.caravelleshoes.it\/\"},{\"@type\":\"ListItem\",\"position\":2,\"name\":\"Privacy Policy\"}]},{\"@type\":\"WebSite\",\"@id\":\"https:\/\/www.caravelleshoes.it\/#website\",\"url\":\"https:\/\/www.caravelleshoes.it\/\",\"name\":\"Caravelle Shoes\",\"description\":\"Un nuovo sito targato WordPress\",\"potentialAction\":[{\"@type\":\"SearchAction\",\"target\":{\"@type\":\"EntryPoint\",\"urlTemplate\":\"https:\/\/www.caravelleshoes.it\/?s={search_term_string}\"},\"query-input\":{\"@type\":\"PropertyValueSpecification\",\"valueRequired\":true,\"valueName\":\"search_term_string\"}}],\"inLanguage\":\"it-IT\"}]}<\/script>\n<!-- \/ Yoast SEO plugin. -->","yoast_head_json":{"title":"Privacy Policy - Caravelle Shoes","robots":{"index":"index","follow":"follow","max-snippet":"max-snippet:-1","max-image-preview":"max-image-preview:large","max-video-preview":"max-video-preview:-1"},"canonical":"https:\/\/www.caravelleshoes.it\/?page_id=3","og_locale":"it_IT","og_type":"article","og_title":"Privacy Policy - Caravelle Shoes","og_description":"PRIVACY POLICY INFORMATIVA TRATTAMENTO CARAVELLE S.R.L., in qualit\u00e0 di titolare del trattamento dei dati personali ai sensi degli artt.13 e 14 del Regolamento UE 679\/2016 &#8211; Regolamento Generale sulla Protezione dei Dati (\u201cRGPD\u201d), in ottemperanza agli obblighi dettati dal legislatore a tutela della privacy, con la presente desidera informarLa in via preventiva, tanto dell&#8217;uso dei [&hellip;]","og_url":"https:\/\/www.caravelleshoes.it\/?page_id=3","og_site_name":"Caravelle Shoes","article_modified_time":"2020-05-27T15:25:59+00:00","twitter_card":"summary_large_image","twitter_misc":{"Tempo di lettura stimato":"3 minuti"},"schema":{"@context":"https:\/\/schema.org","@graph":[{"@type":"WebPage","@id":"https:\/\/www.caravelleshoes.it\/?page_id=3","url":"https:\/\/www.caravelleshoes.it\/?page_id=3","name":"Privacy Policy - Caravelle Shoes","isPartOf":{"@id":"https:\/\/www.caravelleshoes.it\/#website"},"datePublished":"2020-02-24T08:46:36+00:00","dateModified":"2020-05-27T15:25:59+00:00","breadcrumb":{"@id":"https:\/\/www.caravelleshoes.it\/?page_id=3#breadcrumb"},"inLanguage":"it-IT","potentialAction":[{"@type":"ReadAction","target":["https:\/\/www.caravelleshoes.it\/?page_id=3"]}]},{"@type":"BreadcrumbList","@id":"https:\/\/www.caravelleshoes.it\/?page_id=3#breadcrumb","itemListElement":[{"@type":"ListItem","position":1,"name":"Home","item":"https:\/\/www.caravelleshoes.it\/"},{"@type":"ListItem","position":2,"name":"Privacy Policy"}]},{"@type":"WebSite","@id":"https:\/\/www.caravelleshoes.it\/#website","url":"https:\/\/www.caravelleshoes.it\/","name":"Caravelle Shoes","description":"Un nuovo sito targato WordPress","potentialAction":[{"@type":"SearchAction","target":{"@type":"EntryPoint","urlTemplate":"https:\/\/www.caravelleshoes.it\/?s={search_term_string}"},"query-input":{"@type":"PropertyValueSpecification","valueRequired":true,"valueName":"search_term_string"}}],"inLanguage":"it-IT"}]}},"_links":{"self":[{"href":"https:\/\/www.caravelleshoes.it\/index.php?rest_route=\/wp\/v2\/pages\/3","targetHints":{"allow":["GET"]}}],"collection":[{"href":"https:\/\/www.caravelleshoes.it\/index.php?rest_route=\/wp\/v2\/pages"}],"about":[{"href":"https:\/\/www.caravelleshoes.it\/index.php?rest_route=\/wp\/v2\/types\/page"}],"author":[{"embeddable":true,"href":"https:\/\/www.caravelleshoes.it\/index.php?rest_route=\/wp\/v2\/users\/1"}],"replies":[{"embeddable":true,"href":"https:\/\/www.caravelleshoes.it\/index.php?rest_route=%2Fwp%2Fv2%2Fcomments&post=3"}],"version-history":[{"count":4,"href":"https:\/\/www.caravelleshoes.it\/index.php?rest_route=\/wp\/v2\/pages\/3\/revisions"}],"predecessor-version":[{"id":78,"href":"https:\/\/www.caravelleshoes.it\/index.php?rest_route=\/wp\/v2\/pages\/3\/revisions\/78"}],"wp:attachment":[{"href":"https:\/\/www.caravelleshoes.it\/index.php?rest_route=%2Fwp%2Fv2%2Fmedia&parent=3"}],"curies":[{"name":"wp","href":"https:\/\/api.w.org\/{rel}","templated":true}]}}